{"id":103,"date":"2020-10-14T14:04:01","date_gmt":"2020-10-14T14:04:01","guid":{"rendered":"https:\/\/seniorspourlascience.fr\/?page_id=103"},"modified":"2024-05-07T14:27:04","modified_gmt":"2024-05-07T14:27:04","slug":"faites-avancer-la-science","status":"publish","type":"page","link":"https:\/\/seniorspourlascience.fr\/index.php\/faites-avancer-la-science\/","title":{"rendered":"Faites avancer la science !"},"content":{"rendered":"\n<div class=\"wp-block-themeisle-blocks-advanced-columns has-1-columns has-desktop-equal-layout has-tablet-equal-layout has-mobile-equal-layout has-default-gap has-vertical-unset\" id=\"wp-block-themeisle-blocks-advanced-columns-4e4d0fe0\"><div class=\"wp-block-themeisle-blocks-advanced-columns-overlay\"><\/div><div class=\"innerblocks-wrap\">\n<div class=\"wp-block-themeisle-blocks-advanced-column\" id=\"wp-block-themeisle-blocks-advanced-column-f24a0d3a\">\n<p>Ici, retrouvez les \u00e9tudes pour lesquelles nous cherchons des volontaires de 60 ans et plus.<\/p>\n<p><\/p>\n\n\n\n<div class=\"wp-block-image\"><figure class=\"aligncenter size-large is-resized\"><img loading=\"lazy\" decoding=\"async\" src=\"https:\/\/seniorspourlascience.fr\/wp-content\/uploads\/2024\/05\/annonce-1024x630.png\" alt=\"\" class=\"wp-image-365\" width=\"710\" height=\"435\" srcset=\"https:\/\/seniorspourlascience.fr\/wp-content\/uploads\/2024\/05\/annonce-300x184.png 300w, https:\/\/seniorspourlascience.fr\/wp-content\/uploads\/2024\/05\/annonce-768x472.png 768w, https:\/\/seniorspourlascience.fr\/wp-content\/uploads\/2024\/05\/annonce-189x116.png 189w\" sizes=\"auto, (max-width: 710px) 100vw, 710px\" \/><\/figure><\/div>\n\n\n\n<p class=\"has-text-align-left has-black-color has-text-color has-medium-font-size\">Pour participer, merci de contacter clara.lemaitre@etu-univ-grenoble-alpes.fr <\/p>\n\n\n\n<hr class=\"wp-block-separator\"\/>\n\n\n\n<p class=\"has-black-color has-text-color\" style=\"font-size:27px\"><strong>Aidez la science et apprenez-en davantage sur la mani\u00e8re dont le style de vie module le fonctionnement cognitif ! <\/strong><\/p>\n\n\n\n<figure class=\"wp-block-image size-large\"><img loading=\"lazy\" decoding=\"async\" width=\"1024\" height=\"854\" src=\"https:\/\/seniorspourlascience.fr\/wp-content\/uploads\/2024\/03\/429667104_10226546331617944_3867917284184150135_n-1024x854.jpg\" alt=\"\" class=\"wp-image-362\" srcset=\"https:\/\/seniorspourlascience.fr\/wp-content\/uploads\/2024\/03\/429667104_10226546331617944_3867917284184150135_n-1024x854.jpg 1024w, https:\/\/seniorspourlascience.fr\/wp-content\/uploads\/2024\/03\/429667104_10226546331617944_3867917284184150135_n-300x250.jpg 300w, https:\/\/seniorspourlascience.fr\/wp-content\/uploads\/2024\/03\/429667104_10226546331617944_3867917284184150135_n-768x641.jpg 768w, https:\/\/seniorspourlascience.fr\/wp-content\/uploads\/2024\/03\/429667104_10226546331617944_3867917284184150135_n-139x116.jpg 139w, https:\/\/seniorspourlascience.fr\/wp-content\/uploads\/2024\/03\/429667104_10226546331617944_3867917284184150135_n.jpg 1080w\" sizes=\"auto, (max-width: 1024px) 100vw, 1024px\" \/><\/figure>\n\n\n\n<p>Etes-vous curieux de savoir comment notre style de vie influence la fa\u00e7on dont nous jugeons nos connaissances ? <\/p>\n\n\n\n<p><a rel=\"noreferrer noopener\" href=\"https:\/\/run.pavlovia.org\/Coline\/agefokrc\/?fbclid=IwAR2WG-RyQLP38Lz-mzgJQVKimZJp3v7CcRvJY3oxdKdh9Pe1q3Zay6dEzwA\" target=\"_blank\">https:\/\/run.pavlovia.org\/Coline\/agefokrc\/<\/a><\/p>\n\n\n\n<p>Alors venez-nous aider et r\u00e9pondez \u00e0 cette \u00e9tude en ligne que je r\u00e9alise dans le cadre de mon travail et qui est soutenue par une \u00e9tudiante en m\u00e9moire !<\/p>\n\n\n\n<p>Nous vous donnons un petit r\u00e9sum\u00e9 explicatif \u00e0 la fin !<\/p>\n\n\n\n<p>Comment y participer ? Rien de plus simple !<\/p>\n\n\n\n<ul class=\"wp-block-list\"><li>Vous avez entre 20 et 40 ou + de 60 ans ? <\/li><\/ul>\n\n\n\n<ul class=\"wp-block-list\"><li>Vous ne pr\u00e9sentez pas de troubles particuliers ?<\/li><\/ul>\n\n\n\n<ul class=\"wp-block-list\"><li>Des conditions ? \u00catre dans un endroit calme et r\u00e9aliser l&#8217;exp\u00e9rience sur un ordinateur.<\/li><\/ul>\n\n\n\n<p>Alors embarquez dans l&#8217;exp\u00e9rience (pour 35 min) et faites avancer la science ! <a rel=\"noreferrer noopener\" href=\"https:\/\/run.pavlovia.org\/Coline\/agefokrc\/?fbclid=IwAR0TGc2d33WDEdRhLnE7cdiXKplyWSorJsOgBAcQHg4APHCpnMjF1XXaU2g\" target=\"_blank\">https:\/\/run.pavlovia.org\/Coline\/agefokrc\/<\/a><\/p>\n\n\n\n<p>Cliquez et t\u00e9l\u00e9chargez la petite fiche \u00e0 la fin pour savoir comment notre style de vie influence nos connaissances !<\/p>\n\n\n\n<p>Merci d&#8217;avance pour votre implication !<\/p>\n\n\n\n<p><a href=\"https:\/\/www.facebook.com\/hashtag\/recherche?__eep__=6&amp;__cft__[0]=AZWW5Jp2TlUpBJJffoNfxqgyprdfEDKQUO6HN4GXPR-51Q0qp5PZ-Nl2wx5n45SfS7y2RcQYAABFOXk-ZR0TriB-3dFIqgdLfkMmUFFZoqHf8W6PchF8RnL9bbSSkZ1mp6TsSpgEhP5i-__mO8cZYszNDvCfVbp5t7Jk3zSEkXUowYahYNnnU9cd1d8ZKJgjKfxJ4OpiD-TFjPBBDJn8WWmY&amp;__tn__=*NK-y-R\">(<\/a>\u00e9tude valid\u00e9e par le comit\u00e9 d&#8217;\u00e9thique Tours-Poitiers)<\/p>\n","protected":false},"excerpt":{"rendered":"<p>Ici, retrouvez les \u00e9tudes pour lesquelles nous cherchons des volontaires de 60 ans et plus. Pour participer, merci de contacter &hellip; <a href=\"https:\/\/seniorspourlascience.fr\/index.php\/faites-avancer-la-science\/\" class=\"more-link\">Continue reading <span class=\"screen-reader-text\">Faites avancer la science !<\/span><\/a><\/p>\n","protected":false},"author":1,"featured_media":0,"parent":0,"menu_order":0,"comment_status":"closed","ping_status":"closed","template":"","meta":{"footnotes":""},"class_list":["post-103","page","type-page","status-publish","hentry"],"_links":{"self":[{"href":"https:\/\/seniorspourlascience.fr\/index.php\/wp-json\/wp\/v2\/pages\/103","targetHints":{"allow":["GET"]}}],"collection":[{"href":"https:\/\/seniorspourlascience.fr\/index.php\/wp-json\/wp\/v2\/pages"}],"about":[{"href":"https:\/\/seniorspourlascience.fr\/index.php\/wp-json\/wp\/v2\/types\/page"}],"author":[{"embeddable":true,"href":"https:\/\/seniorspourlascience.fr\/index.php\/wp-json\/wp\/v2\/users\/1"}],"replies":[{"embeddable":true,"href":"https:\/\/seniorspourlascience.fr\/index.php\/wp-json\/wp\/v2\/comments?post=103"}],"version-history":[{"count":17,"href":"https:\/\/seniorspourlascience.fr\/index.php\/wp-json\/wp\/v2\/pages\/103\/revisions"}],"predecessor-version":[{"id":370,"href":"https:\/\/seniorspourlascience.fr\/index.php\/wp-json\/wp\/v2\/pages\/103\/revisions\/370"}],"wp:attachment":[{"href":"https:\/\/seniorspourlascience.fr\/index.php\/wp-json\/wp\/v2\/media?parent=103"}],"curies":[{"name":"wp","href":"https:\/\/api.w.org\/{rel}","templated":true}]}}